{"id":551,"date":"2023-10-08T15:14:27","date_gmt":"2023-10-08T15:14:27","guid":{"rendered":"https:\/\/lirboyopress.com\/?product=fat%e1%b8%a5u-al-mubin-fi-siroti-sayyidi-al-mursalin-2"},"modified":"2025-05-28T14:29:38","modified_gmt":"2025-05-28T14:29:38","slug":"fat%e1%b8%a5u-al-mubin-fi-siroti-sayyidi-al-mursalin-2","status":"publish","type":"product","link":"https:\/\/lirboyopress.com\/?product=fat%e1%b8%a5u-al-mubin-fi-siroti-sayyidi-al-mursalin-2","title":{"rendered":"Fat\u1e25u al Mub\u012bn F\u012b S\u012broti Sayyidi al Mursal\u012bn"},"content":{"rendered":"<p><br data-mce-bogus=\"1\"><\/p>\n","protected":false},"excerpt":{"rendered":"<p><br data-mce-bogus=\"1\"><\/p>\n","protected":false},"featured_media":544,"comment_status":"open","ping_status":"closed","template":"","meta":[],"product_brand":[],"product_cat":[30],"product_tag":[],"class_list":{"0":"post-551","1":"product","2":"type-product","3":"status-publish","4":"has-post-thumbnail","6":"product_cat-sejarah","8":"first","9":"instock","10":"sale","11":"shipping-taxable","12":"purchasable","13":"product-type-simple"},"jetpack_sharing_enabled":true,"_links":{"self":[{"href":"https:\/\/lirboyopress.com\/index.php?rest_route=\/wp\/v2\/product\/551","targetHints":{"allow":["GET"]}}],"collection":[{"href":"https:\/\/lirboyopress.com\/index.php?rest_route=\/wp\/v2\/product"}],"about":[{"href":"https:\/\/lirboyopress.com\/index.php?rest_route=\/wp\/v2\/types\/product"}],"replies":[{"embeddable":true,"href":"https:\/\/lirboyopress.com\/index.php?rest_route=%2Fwp%2Fv2%2Fcomments&post=551"}],"wp:featuredmedia":[{"embeddable":true,"href":"https:\/\/lirboyopress.com\/index.php?rest_route=\/wp\/v2\/media\/544"}],"wp:attachment":[{"href":"https:\/\/lirboyopress.com\/index.php?rest_route=%2Fwp%2Fv2%2Fmedia&parent=551"}],"wp:term":[{"taxonomy":"product_brand","embeddable":true,"href":"https:\/\/lirboyopress.com\/index.php?rest_route=%2Fwp%2Fv2%2Fproduct_brand&post=551"},{"taxonomy":"product_cat","embeddable":true,"href":"https:\/\/lirboyopress.com\/index.php?rest_route=%2Fwp%2Fv2%2Fproduct_cat&post=551"},{"taxonomy":"product_tag","embeddable":true,"href":"https:\/\/lirboyopress.com\/index.php?rest_route=%2Fwp%2Fv2%2Fproduct_tag&post=551"}],"curies":[{"name":"wp","href":"https:\/\/api.w.org\/{rel}","templated":true}]}}