{"id":2250,"date":"2025-12-13T11:34:05","date_gmt":"2025-12-13T11:34:05","guid":{"rendered":"https:\/\/lirboyopress.com\/?product=al-manhaj-at-tam-fi-talimi-sayyid-al-anam"},"modified":"2026-01-20T03:08:38","modified_gmt":"2026-01-20T03:08:38","slug":"al-manhaj-at-tam-fi-talimi-sayyid-al-anam","status":"publish","type":"product","link":"https:\/\/lirboyopress.com\/?product=al-manhaj-at-tam-fi-talimi-sayyid-al-anam","title":{"rendered":"Al-Manhaj at-T\u0101m f\u012b Ta&#8217;l\u012bmi Sayyid al-An\u0101m"},"content":{"rendered":"<p>Al-Manhaj at-T\u0101m adalah sebuah karya yang menyajikan kerangka pendidikan Islam secara sistematis melalui empat pembahasan utama. Buku ini menguraikan landasan pendidikan dan pembelajaran, etika seorang pendidik, serta yang paling utama ialah metode pengajaran Rasulullah \ufdfa yang menjadi role model pendidikan Islam. Selain itu, buku ini menampilkan kekhasan metodologi pendidikan kenabian yang mencakup berbagai teknik pedagogis yang efektif, seperti pengajaran praktis, tanya jawab, prinsip bertahap, dan perhatian terhadap perbedaan individu.<br \/>Dengan penyajian yang ringkas, jelas, dan terstruktur, Al-Manhaj at-T\u0101m berupaya menghadirkan konsep pendidikan Islam yang berlandaskan Al-Qur\u2019an dan as-Sunnah serta pendapat ulama salaf dalam format yang relevan bagi pembaca masa kini. Buku ini menjadi rujukan sangat penting bagi pendidik, mahasiswa, dan para pemerhati pendidikan Islam untuk memahami fondasi, etika, dan praktik pedagogi Nabi Muhammad \ufdfa.<\/p>\n","protected":false},"excerpt":{"rendered":"<p>Judul: Al-Manhaj at-T\u0101m f\u012b Ta&#8217;l\u012bmi Sayyid al-An\u0101m<br \/>Kepengarangan:<br \/>Dzulkifliy<br \/>Muhamad Dikri Umam<br \/>Muhammad Naufal Ma&#8217;aly<br \/>M. Khoirul Anwar<br \/>Ahmad Maskur<br \/>Dimensi Buku: 17 x 24 cm<br \/>Edisi: &#8211;<br \/>Peruntukkan: Semua umur<br \/>Edisi: &#8211;<br \/>Seri: &#8211;<br \/>Tahun Terbit: 2026<br \/>Jenis Pustaka: Non Fiksi<br \/>Kategori Jenis: Non Terjemah<br \/>Terbitan: Perguruan tinggi<br \/>Sub: Non penelitian<br \/>Kategori buku: Lepas<\/p>\n","protected":false},"featured_media":2260,"comment_status":"open","ping_status":"closed","template":"","meta":[],"product_brand":[],"product_cat":[29],"product_tag":[],"class_list":{"0":"post-2250","1":"product","2":"type-product","3":"status-publish","4":"has-post-thumbnail","6":"product_cat-fikih","8":"first","9":"instock","10":"shipping-taxable","11":"purchasable","12":"product-type-simple"},"jetpack_sharing_enabled":true,"_links":{"self":[{"href":"https:\/\/lirboyopress.com\/index.php?rest_route=\/wp\/v2\/product\/2250","targetHints":{"allow":["GET"]}}],"collection":[{"href":"https:\/\/lirboyopress.com\/index.php?rest_route=\/wp\/v2\/product"}],"about":[{"href":"https:\/\/lirboyopress.com\/index.php?rest_route=\/wp\/v2\/types\/product"}],"replies":[{"embeddable":true,"href":"https:\/\/lirboyopress.com\/index.php?rest_route=%2Fwp%2Fv2%2Fcomments&post=2250"}],"wp:featuredmedia":[{"embeddable":true,"href":"https:\/\/lirboyopress.com\/index.php?rest_route=\/wp\/v2\/media\/2260"}],"wp:attachment":[{"href":"https:\/\/lirboyopress.com\/index.php?rest_route=%2Fwp%2Fv2%2Fmedia&parent=2250"}],"wp:term":[{"taxonomy":"product_brand","embeddable":true,"href":"https:\/\/lirboyopress.com\/index.php?rest_route=%2Fwp%2Fv2%2Fproduct_brand&post=2250"},{"taxonomy":"product_cat","embeddable":true,"href":"https:\/\/lirboyopress.com\/index.php?rest_route=%2Fwp%2Fv2%2Fproduct_cat&post=2250"},{"taxonomy":"product_tag","embeddable":true,"href":"https:\/\/lirboyopress.com\/index.php?rest_route=%2Fwp%2Fv2%2Fproduct_tag&post=2250"}],"curies":[{"name":"wp","href":"https:\/\/api.w.org\/{rel}","templated":true}]}}