{"id":2221,"date":"2025-05-31T09:57:59","date_gmt":"2025-05-31T09:57:59","guid":{"rendered":"https:\/\/lirboyopress.com\/?product=ilmu-tafsir-manqul-min-kitab-itmam-ad-dirayah"},"modified":"2026-02-06T08:34:20","modified_gmt":"2026-02-06T08:34:20","slug":"ilmu-tafsir-manqul-min-kitab-itmam-ad-dirayah","status":"publish","type":"product","link":"https:\/\/lirboyopress.com\/?product=ilmu-tafsir-manqul-min-kitab-itmam-ad-dirayah","title":{"rendered":"Ilmu Tafsir manqul min kitab Itmam ad-Dirayah"},"content":{"rendered":"","protected":false},"excerpt":{"rendered":"<p>Judul : Ilmu Tafsir manqul min kitab Itmam ad Diroyah<br \/>\nKepengarangan : lajnah bahtsul masail pondok pesantren lirboyo<br \/>\nSinopsis : Kitab Itm\u0101m ad-Dir\u0101yah adalah syarah atas ringkasan kitab hadis an-Nuq\u0101yah yang juga ditulis oleh Imam Suyuthi. An-Nuq\u0101yah sendiri merupakan ringkasan dari 16 kitab ilmu hadis yang dirangkum dalam satu karya kecil. Maka Itm\u0101m ad-Dir\u0101yah berfungsi memperjelas istilah, menguraikan konsep-konsep penting, dan memperluas pembahasan tentang musthalah hadis (ilmu terminologi hadis) secara lebih rinci dan elegan.<br \/>\nKitab Itm\u0101m ad-Dir\u0101yah masih dirasa cukup besar dan sulit untuk di fahami para pemula, maka dari itu kitab yang ada ditangan pembaca adalah ringkasan serta penjelasan sederhana dari kitab Itm\u0101m ad-Dir\u0101yah yang di susun oleh tim dari lanjnah bahtsul masail pondok pesantren Lirboyo guna memudahkan para santri untuk mempelajar fan ilmu hadist<br \/>\nDimensi buku : 15\u00d721cm<\/p>\n","protected":false},"featured_media":2220,"comment_status":"open","ping_status":"closed","template":"","meta":[],"product_brand":[],"product_cat":[15],"product_tag":[],"class_list":{"0":"post-2221","1":"product","2":"type-product","3":"status-publish","4":"has-post-thumbnail","6":"product_cat-uncategorized","8":"first","9":"instock","10":"sale","11":"shipping-taxable","12":"purchasable","13":"product-type-simple"},"jetpack_sharing_enabled":true,"_links":{"self":[{"href":"https:\/\/lirboyopress.com\/index.php?rest_route=\/wp\/v2\/product\/2221","targetHints":{"allow":["GET"]}}],"collection":[{"href":"https:\/\/lirboyopress.com\/index.php?rest_route=\/wp\/v2\/product"}],"about":[{"href":"https:\/\/lirboyopress.com\/index.php?rest_route=\/wp\/v2\/types\/product"}],"replies":[{"embeddable":true,"href":"https:\/\/lirboyopress.com\/index.php?rest_route=%2Fwp%2Fv2%2Fcomments&post=2221"}],"wp:featuredmedia":[{"embeddable":true,"href":"https:\/\/lirboyopress.com\/index.php?rest_route=\/wp\/v2\/media\/2220"}],"wp:attachment":[{"href":"https:\/\/lirboyopress.com\/index.php?rest_route=%2Fwp%2Fv2%2Fmedia&parent=2221"}],"wp:term":[{"taxonomy":"product_brand","embeddable":true,"href":"https:\/\/lirboyopress.com\/index.php?rest_route=%2Fwp%2Fv2%2Fproduct_brand&post=2221"},{"taxonomy":"product_cat","embeddable":true,"href":"https:\/\/lirboyopress.com\/index.php?rest_route=%2Fwp%2Fv2%2Fproduct_cat&post=2221"},{"taxonomy":"product_tag","embeddable":true,"href":"https:\/\/lirboyopress.com\/index.php?rest_route=%2Fwp%2Fv2%2Fproduct_tag&post=2221"}],"curies":[{"name":"wp","href":"https:\/\/api.w.org\/{rel}","templated":true}]}}