{"id":1414,"date":"2025-01-06T15:09:10","date_gmt":"2025-01-06T15:09:10","guid":{"rendered":"https:\/\/lirboyopress.com\/?product=ensiklopedia-istilah-fukaha-ulama-mutaqaddimin-dan-mutaakhirin-mazhab-syafii"},"modified":"2026-03-09T23:29:19","modified_gmt":"2026-03-09T23:29:19","slug":"ensiklopedia-istilah-fukaha-ulama-mutaqaddimin-dan-mutaakhirin-mazhab-syafii","status":"publish","type":"product","link":"https:\/\/lirboyopress.com\/?product=ensiklopedia-istilah-fukaha-ulama-mutaqaddimin-dan-mutaakhirin-mazhab-syafii","title":{"rendered":"Ensiklopedia istilah fukaha ulama mutaqaddimin dan mutaakhirin mazhab syafi&#8217;i"},"content":{"rendered":"<p>Ensiklopedia Istilah Fukaha\n<\/p>\n<p>(Ulama Mutaqaddimin dan Mutaakhirin Mazhab Syaf\u2019i)\n<\/p>\n<p>xxi + 308 Hlm: 15,5 x 23 cm.\n<\/p>\n<p>Penyusun:\n<\/p>\n<p>Tim Pembukuan Mabda\u2019\n<\/p>\n<p>Ma\u2019had Aly Lirboyo Kota Kediri\n<\/p>\n<p>Rohman | Aris | Hafidz | Kamal | Amin | Edja | Imran | Ali\n<\/p>\n<p>Kata Pengantar\t: KH. Miftachul Akhyar\n<\/p>\n<p>Pembaca Ahli  |  \t: K. Saiful Anwar\n<\/p>\n<p>: K. Masruhan Mukhlasin\n<\/p>\n<p>Layout  |  \t: Fikri &amp; Wahid\n<\/p>\n<p>Desain Cover\t: Badri\n<\/p>\n<p>Penerbit\t: Lirboyo Press\n<\/p>\n<\/p><\/p>\n","protected":false},"excerpt":{"rendered":"<p>Dalam setiap bidang ilmu, selalu terdapat istilah-istilah tertentu di dalamnya. Setiap orang yang ingin mempelajari bidang ilmu tertentu harus mengetahui istilah yang berlaku di dalamnya. Dalam Ilmu Hadis terdapat istilah hadis \u1e0da\u2018\u012bf, \u1e25asan, \u1e63a\u1e25\u012b\u1e25, mard\u016bd, maqb\u016bl, a\u1e25\u0101d, mutaw\u0101tir, mursal, marf\u016b\u2018 dan lain sebagainya. Dalam Ilmu Tafsir, ada tafs\u012br bi an-naqli, tafs\u012br bi ar-ra\u2019yi, qira\u2019ah sab\u2018ah, qira\u2019ah sy\u0101\u017cah dan istilah-istilah dalam bidang ilmu lain. Semua istilah ini adalah kunci sekaligus gerbang menuju penguasaan terhadap ilmu tersebut, tak terkecuali Ilmu Fikih. Oleh karena itu, demi mendapatkan kunci dan dapat membuka gerbang memahami Fikih Mazhab Syafi\u2019i, kita harus mempelajari retorika bahasa yang digunakan oleh para ulama agar memperoleh pemahaman yang tepat. Pernyataan ini diperkuat oleh kaidah yang disampaikan oleh mayoritas pakar U\u1e63\u016bl Fiqh:<br \/>\n<br data-mce-bogus=\"1\"><\/p>\n<p><span data-mce-bogus=\"1\" data-mce-type=\"format-caret\">\u0627\u0644\u0644\u0641\u0638 \u0645\u062d\u0645\u0648\u0644 \u200c\u0639\u0644\u0649 \u200c\u0639\u0631\u0641 \u200c\u0627\u0644\u0645\u062e\u0627\u0637\u0650\u0628<br \/>\n<\/span><\/p>\n<p><span data-mce-bogus=\"1\" data-mce-type=\"format-caret\">\u201cMengarahkan makna lafaz sesuai kehendak pembicaranya.\u201d<br \/>\n<\/span><\/p>\n<p><span data-mce-bogus=\"1\" data-mce-type=\"format-caret\">Imam Zainuddin al-Mal\u012bb\u0101r\u012b dalam Fat\u1e25 al-Mu\u2018\u012bn bi Syar\u1e25 Qurrah al-\u2018Ain bi Muhimma\u0101t ad-D\u012bn juga menyampaikan statement:<br \/>\n<\/span><\/p>\n<p><span data-mce-bogus=\"1\" data-mce-type=\"format-caret\">\u064a\u062d\u0631\u0645 \u0639\u0644\u0649 \u0645\u0646 \u0644\u0645 \u064a\u0639\u0631\u0641 \u062d\u0642\u064a\u0642\u0629 \u0627\u0635\u0637\u0644\u0627\u062d\u0647\u0645 \u0648\u0637\u0631\u064a\u0642\u062a\u0647\u0645 \u0645\u0637\u0627\u0644\u0639\u0629 \u0643\u062a\u0628\u0647\u0645 \u0641\u0625\u0646\u0647\u0627 \u0645\u0632\u0644\u0629 \u0642\u062f\u0645 \u0644\u0647 \u0648\u0645\u0646 \u062b\u0645 \u0636\u0644 \u0643\u062b\u064a\u0631\u0648\u0646 \u0627\u063a\u062a\u0631\u0648\u0627 \u0628\u0638\u0648\u0627\u0647\u0631\u0647\u0627.<br \/>\n<\/span><\/p>\n<p><span data-mce-bogus=\"1\" data-mce-type=\"format-caret\">\u201cHaram bagi orang yang tidak mengetahui hakikat istilah para sufi (orang yang sudah makrifat) dan tarekatnya untuk mempelajari karya-karya mereka, karena hal itu dapat menyesatkannya. Dari sinilah banyak orang yang tersesat sebab tertipu dengan zahirnya saja.\u201d<br \/>\n<\/span><\/p>\n<p><span data-mce-bogus=\"1\" data-mce-type=\"format-caret\">Dari bukti demikian, dapat kita ketahui bahwa modal penting dalam memahami suatu bidang ilmu adalah mengetahui istilah yang dipakai di dalamnya, agar terhindar dari kesalahpahaman yang berkepanjangan dan tidak ada ujungnya.<br \/>\n<\/span><span data-mce-bogus=\"1\" data-mce-type=\"format-caret\"><\/span><\/p>\n","protected":false},"featured_media":1413,"comment_status":"open","ping_status":"closed","template":"","meta":[],"product_brand":[],"product_cat":[29],"product_tag":[],"class_list":{"0":"post-1414","1":"product","2":"type-product","3":"status-publish","4":"has-post-thumbnail","6":"product_cat-fikih","8":"first","9":"instock","10":"sale","11":"shipping-taxable","12":"purchasable","13":"product-type-simple"},"jetpack_sharing_enabled":true,"_links":{"self":[{"href":"https:\/\/lirboyopress.com\/index.php?rest_route=\/wp\/v2\/product\/1414","targetHints":{"allow":["GET"]}}],"collection":[{"href":"https:\/\/lirboyopress.com\/index.php?rest_route=\/wp\/v2\/product"}],"about":[{"href":"https:\/\/lirboyopress.com\/index.php?rest_route=\/wp\/v2\/types\/product"}],"replies":[{"embeddable":true,"href":"https:\/\/lirboyopress.com\/index.php?rest_route=%2Fwp%2Fv2%2Fcomments&post=1414"}],"wp:featuredmedia":[{"embeddable":true,"href":"https:\/\/lirboyopress.com\/index.php?rest_route=\/wp\/v2\/media\/1413"}],"wp:attachment":[{"href":"https:\/\/lirboyopress.com\/index.php?rest_route=%2Fwp%2Fv2%2Fmedia&parent=1414"}],"wp:term":[{"taxonomy":"product_brand","embeddable":true,"href":"https:\/\/lirboyopress.com\/index.php?rest_route=%2Fwp%2Fv2%2Fproduct_brand&post=1414"},{"taxonomy":"product_cat","embeddable":true,"href":"https:\/\/lirboyopress.com\/index.php?rest_route=%2Fwp%2Fv2%2Fproduct_cat&post=1414"},{"taxonomy":"product_tag","embeddable":true,"href":"https:\/\/lirboyopress.com\/index.php?rest_route=%2Fwp%2Fv2%2Fproduct_tag&post=1414"}],"curies":[{"name":"wp","href":"https:\/\/api.w.org\/{rel}","templated":true}]}}